{"id":11,"date":"2025-08-12T12:28:17","date_gmt":"2025-08-12T09:28:17","guid":{"rendered":"https:\/\/celikelgrupmimarlik.com\/?page_id=11"},"modified":"2025-08-12T13:15:28","modified_gmt":"2025-08-12T10:15:28","slug":"ana-sayfa","status":"publish","type":"page","link":"https:\/\/celikelgrupmimarlik.com\/","title":{"rendered":"Ana Sayfa"},"content":{"rendered":"\n<div class=\"slider-wrapper relative\" id=\"slider-1914000866\" >\n    <div class=\"slider slider-nav-simple slider-nav-normal slider-nav-light slider-style-normal slider-show-nav\"\n        data-flickity-options='{\n            \"cellAlign\": \"center\",\n            \"imagesLoaded\": true,\n            \"lazyLoad\": 1,\n            \"freeScroll\": false,\n            \"wrapAround\": false,\n            \"autoPlay\": 6000,\n            \"pauseAutoPlayOnHover\" : true,\n            \"prevNextButtons\": true,\n            \"contain\" : true,\n            \"adaptiveHeight\" : true,\n            \"dragThreshold\" : 10,\n            \"percentPosition\": true,\n            \"pageDots\": false,\n            \"rightToLeft\": false,\n            \"draggable\": true,\n            \"selectedAttraction\": 0.1,\n            \"parallax\" : 2,\n            \"friction\": 0.6        }'\n        >\n        \n\n\n  <div class=\"banner has-hover is-full-height\" id=\"banner-2001329533\">\n          <div class=\"banner-inner fill\">\n        <div class=\"banner-bg fill\" >\n            <img loading=\"lazy\" decoding=\"async\" width=\"1020\" height=\"574\" src=\"https:\/\/celikelgrupmimarlik.com\/wp-content\/uploads\/2025\/08\/Untitled-83-1024x576.png\" class=\"bg attachment-large size-large\" alt=\"\" \/>                        <div class=\"overlay\"><\/div>            \n                    <\/div>\n\t\t\n        <div class=\"banner-layers container\">\n            <div class=\"fill banner-link\"><\/div>            \n\n   <div id=\"text-box-1871676234\" class=\"text-box banner-layer x50 md-x50 lg-x50 y75 md-y75 lg-y75 res-text\">\n                                <div class=\"text-box-content text dark\">\n              \n              <div class=\"text-inner text-left\">\n                  \n\n\t<div id=\"text-2597489347\" class=\"text\">\n\t\t\n\n<h2 class=\"uppercase\">Hayallerinizi Ger\u00e7e\u011fe D\u00f6n\u00fc\u015ft\u00fcr\u00fcyoruz<\/h2>\n<p>26 y\u0131ll\u0131k tecr\u00fcbe ve 50\u2019den fazla ba\u015far\u0131l\u0131 proje ile mimarl\u0131k, m\u00fchendislik ve in\u015faatta kaliteyi gelece\u011fe ta\u015f\u0131yoruz. \u00c7elikel Grup Mimarl\u0131k olarak, estetik ve i\u015flevselli\u011fi bir araya getiren projelerle ya\u015fam alanlar\u0131n\u0131za de\u011fer kat\u0131yoruz.<\/p>\n\t\t\n<style>\n#text-2597489347 {\n  text-align: center;\n  color: rgb(255, 255, 255);\n}\n#text-2597489347 > * {\n  color: rgb(255, 255, 255);\n}\n<\/style>\n\t<\/div>\n\t\n\n              <\/div>\n           <\/div>\n                            \n<style>\n#text-box-1871676234 {\n  width: 78%;\n}\n#text-box-1871676234 .text-box-content {\n  font-size: 125%;\n}\n@media (min-width:550px) {\n  #text-box-1871676234 {\n    width: 57%;\n  }\n  #text-box-1871676234 .text-box-content {\n    font-size: 100%;\n  }\n}\n<\/style>\n    <\/div>\n \n\n        <\/div>\n      <\/div>\n\n            \n<style>\n#banner-2001329533 {\n  padding-top: 100%;\n}\n#banner-2001329533 .overlay {\n  background-color: rgba(0, 0, 0, 0.419);\n}\n#banner-2001329533 .banner-bg img {\n  object-position: 30% 57%;\n}\n<\/style>\n  <\/div>\n\n\n\n  <div class=\"banner has-hover is-full-height\" id=\"banner-1167688540\">\n          <div class=\"banner-inner fill\">\n        <div class=\"banner-bg fill\" >\n            <img loading=\"lazy\" decoding=\"async\" width=\"1020\" height=\"574\" src=\"https:\/\/celikelgrupmimarlik.com\/wp-content\/uploads\/2025\/08\/Untitled-85-1024x576.png\" class=\"bg attachment-large size-large\" alt=\"\" \/>                        <div class=\"overlay\"><\/div>            \n                    <\/div>\n\t\t\n        <div class=\"banner-layers container\">\n            <div class=\"fill banner-link\"><\/div>            \n\n   <div id=\"text-box-874167826\" class=\"text-box banner-layer x95 md-x95 lg-x95 y75 md-y75 lg-y75 res-text\">\n                                <div class=\"text-box-content text dark\">\n              \n              <div class=\"text-inner text-left\">\n                  \n\n\t<div id=\"text-2346088875\" class=\"text\">\n\t\t\n\n<h2 class=\"uppercase\">Manzarayla B\u00fct\u00fcnle\u015fin<\/h2>\n<p>Do\u011fan\u0131n huzurunu, modern mimarinin esteti\u011fi ile bulu\u015fturuyoruz. \u00c7elikel Grup Mimarl\u0131k, panoramik manzaralara uyum sa\u011flayan projelerle ya\u015fam alanlar\u0131n\u0131za e\u015fsiz bir de\u011fer kat\u0131yor.<\/p>\n\t\t\n<style>\n#text-2346088875 {\n  text-align: right;\n}\n<\/style>\n\t<\/div>\n\t\n\n              <\/div>\n           <\/div>\n                            \n<style>\n#text-box-874167826 {\n  width: 78%;\n}\n#text-box-874167826 .text-box-content {\n  font-size: 125%;\n}\n@media (min-width:550px) {\n  #text-box-874167826 {\n    width: 45%;\n  }\n  #text-box-874167826 .text-box-content {\n    font-size: 100%;\n  }\n}\n<\/style>\n    <\/div>\n \n\n        <\/div>\n      <\/div>\n\n            \n<style>\n#banner-1167688540 {\n  padding-top: 100%;\n}\n#banner-1167688540 .overlay {\n  background-color: rgba(0, 0, 0, 0.424);\n}\n#banner-1167688540 .banner-bg img {\n  object-position: 62% 18%;\n}\n<\/style>\n  <\/div>\n\n\n\n  <div class=\"banner has-hover is-full-height\" id=\"banner-886766035\">\n          <div class=\"banner-inner fill\">\n        <div class=\"banner-bg fill\" >\n            <img loading=\"lazy\" decoding=\"async\" width=\"1020\" height=\"574\" src=\"https:\/\/celikelgrupmimarlik.com\/wp-content\/uploads\/2025\/08\/Untitled-84-1024x576.png\" class=\"bg attachment-large size-large\" alt=\"\" \/>                        <div class=\"overlay\"><\/div>            \n                    <\/div>\n\t\t\n        <div class=\"banner-layers container\">\n            <div class=\"fill banner-link\"><\/div>            \n\n   <div id=\"text-box-1114811607\" class=\"text-box banner-layer x5 md-x5 lg-x5 y75 md-y75 lg-y75 res-text\">\n                                <div class=\"text-box-content text dark\">\n              \n              <div class=\"text-inner text-left\">\n                  \n\n<h2 class=\"uppercase\">Modern Ofis \u00c7\u00f6z\u00fcmleri<\/h2>\n<p>Fonksiyonellik ve esteti\u011fi bir araya getiren modern ofis tasar\u0131mlar\u0131m\u0131z ile \u00e7al\u0131\u015fma alanlar\u0131n\u0131za ilham kat\u0131yoruz. \u00c7elikel Grup Mimarl\u0131k, her projede ergonomi, verimlilik ve \u015f\u0131kl\u0131\u011f\u0131 \u00f6n planda tutar.<\/p>\n\n              <\/div>\n           <\/div>\n                            \n<style>\n#text-box-1114811607 {\n  width: 78%;\n}\n#text-box-1114811607 .text-box-content {\n  font-size: 125%;\n}\n@media (min-width:550px) {\n  #text-box-1114811607 {\n    width: 45%;\n  }\n  #text-box-1114811607 .text-box-content {\n    font-size: 100%;\n  }\n}\n<\/style>\n    <\/div>\n \n\n        <\/div>\n      <\/div>\n\n            \n<style>\n#banner-886766035 {\n  padding-top: 100%;\n}\n#banner-886766035 .overlay {\n  background-color: rgba(0, 0, 0, 0.378);\n}\n#banner-886766035 .banner-bg img {\n  object-position: 51% 73%;\n}\n<\/style>\n  <\/div>\n\n\n\n     <\/div>\n\n     <div class=\"loading-spin dark large centered\"><\/div>\n\n\t<\/div>\n\n\n\n","protected":false},"excerpt":{"rendered":"","protected":false},"author":1,"featured_media":0,"parent":0,"menu_order":0,"comment_status":"closed","ping_status":"closed","template":"page-transparent-header-light.php","meta":{"footnotes":""},"class_list":["post-11","page","type-page","status-publish","hentry"],"_links":{"self":[{"href":"https:\/\/celikelgrupmimarlik.com\/index.php?rest_route=\/wp\/v2\/pages\/11","targetHints":{"allow":["GET"]}}],"collection":[{"href":"https:\/\/celikelgrupmimarlik.com\/index.php?rest_route=\/wp\/v2\/pages"}],"about":[{"href":"https:\/\/celikelgrupmimarlik.com\/index.php?rest_route=\/wp\/v2\/types\/page"}],"author":[{"embeddable":true,"href":"https:\/\/celikelgrupmimarlik.com\/index.php?rest_route=\/wp\/v2\/users\/1"}],"replies":[{"embeddable":true,"href":"https:\/\/celikelgrupmimarlik.com\/index.php?rest_route=%2Fwp%2Fv2%2Fcomments&post=11"}],"version-history":[{"count":9,"href":"https:\/\/celikelgrupmimarlik.com\/index.php?rest_route=\/wp\/v2\/pages\/11\/revisions"}],"predecessor-version":[{"id":66,"href":"https:\/\/celikelgrupmimarlik.com\/index.php?rest_route=\/wp\/v2\/pages\/11\/revisions\/66"}],"wp:attachment":[{"href":"https:\/\/celikelgrupmimarlik.com\/index.php?rest_route=%2Fwp%2Fv2%2Fmedia&parent=11"}],"curies":[{"name":"wp","href":"https:\/\/api.w.org\/{rel}","templated":true}]}}